{"id":14,"date":"2025-07-04T10:38:27","date_gmt":"2025-07-04T10:38:27","guid":{"rendered":"https:\/\/farmi.pt\/?page_id=14"},"modified":"2025-07-14T10:25:36","modified_gmt":"2025-07-14T10:25:36","slug":"orcamentos","status":"publish","type":"page","link":"https:\/\/farmi.pt\/index.php\/orcamentos\/","title":{"rendered":"Pedido de Or\u00e7amento"},"content":{"rendered":"\t\t<div data-elementor-type=\"wp-page\" data-elementor-id=\"14\" class=\"elementor elementor-14\">\n\t\t\t\t\t\t<section class=\"elementor-section elementor-top-section elementor-element elementor-element-7f2ad7ea0 elementor-section-height-min-height elementor-section-content-middle elementor-section-stretched elementor-section-boxed elementor-section-height-default elementor-section-items-middle wpr-particle-no wpr-jarallax-no wpr-parallax-no wpr-sticky-section-no wpr-equal-height-no\" data-id=\"7f2ad7ea0\" data-element_type=\"section\" data-e-type=\"section\" data-settings=\"{&quot;background_background&quot;:&quot;classic&quot;,&quot;stretch_section&quot;:&quot;section-stretched&quot;}\">\n\t\t\t\t\t\t\t<div class=\"elementor-background-overlay\"><\/div>\n\t\t\t\t\t\t\t<div class=\"elementor-container elementor-column-gap-default\">\n\t\t\t\t\t<div class=\"elementor-column elementor-col-100 elementor-top-column elementor-element elementor-element-75962e81\" data-id=\"75962e81\" data-element_type=\"column\" data-e-type=\"column\">\n\t\t\t<div class=\"elementor-widget-wrap elementor-element-populated\">\n\t\t\t\t\t\t<div class=\"elementor-element elementor-element-13dbb097 wpr-fancy-text-zoom wpr-advanced-text-style-animated wpr-animated-text-infinite-yes elementor-widget elementor-widget-wpr-advanced-text\" data-id=\"13dbb097\" data-element_type=\"widget\" data-e-type=\"widget\" data-settings=\"{&quot;anim_loop&quot;:&quot;yes&quot;}\" data-widget_type=\"wpr-advanced-text.default\">\n\t\t\t\t\t\n\t\t<h1 class=\"wpr-advanced-text\">\n\n\t\t\t\t\t\n\t\t\t\t\t\t\t<span class=\"wpr-advanced-text-preffix\">Pedido de Or\u00e7amento<\/span>\n\t\t\t\n\t\t<span class=\"wpr-anim-text wpr-anim-text-type-zoom\" data-anim-duration=\"1200,2000\" data-anim-loop=\"yes\">\n\t\t\t<span class=\"wpr-anim-text-inner\">\n\t\t\t\t\t\t\t<\/span>\n\t\t\t\t\t<\/span>\n\n\t\t\t\t\n\t\t<\/h1>\n\t\t\n\t\t\t\t\t\t<\/div>\n\t\t\t\t<div class=\"elementor-element elementor-element-111539f elementor-widget-divider--view-line elementor-widget elementor-widget-divider\" data-id=\"111539f\" data-element_type=\"widget\" data-e-type=\"widget\" data-widget_type=\"divider.default\">\n\t\t\t\t\t\t\t<div class=\"elementor-divider\">\n\t\t\t<span class=\"elementor-divider-separator\">\n\t\t\t\t\t\t<\/span>\n\t\t<\/div>\n\t\t\t\t\t\t<\/div>\n\t\t\t\t\t<\/div>\n\t\t<\/div>\n\t\t\t\t\t<\/div>\n\t\t<\/section>\n\t\t<div class=\"elementor-element elementor-element-b22f9e5 e-flex e-con-boxed wpr-particle-no wpr-jarallax-no wpr-parallax-no wpr-sticky-section-no wpr-equal-height-no e-con e-parent\" data-id=\"b22f9e5\" data-element_type=\"container\" data-e-type=\"container\">\n\t\t\t\t\t<div class=\"e-con-inner\">\n\t\t\t\t<div class=\"elementor-element elementor-element-8b06112 elementor-widget-divider--view-line elementor-widget elementor-widget-divider\" data-id=\"8b06112\" data-element_type=\"widget\" data-e-type=\"widget\" data-widget_type=\"divider.default\">\n\t\t\t\t\t\t\t<div class=\"elementor-divider\">\n\t\t\t<span class=\"elementor-divider-separator\">\n\t\t\t\t\t\t<\/span>\n\t\t<\/div>\n\t\t\t\t\t\t<\/div>\n\t\t\t\t<div class=\"elementor-element elementor-element-5807249 elementor-widget elementor-widget-text-editor\" data-id=\"5807249\" data-element_type=\"widget\" data-e-type=\"widget\" data-widget_type=\"text-editor.default\">\n\t\t\t\t\t\t\t\t\t<p><b style=\"color: var( --e-global-color-text ); font-family: var( --e-global-typography-text-font-family ), Sans-serif; text-align: var(--text-align); background-color: var(--base-3);\">Porqu\u00ea escolher a Farmi Repara\u00e7\u00f5es?<\/b><\/p><ul><li><p><b>Experi\u00eancia Comprovada:<\/b> Conhecimento aprofundado em diversas \u00e1reas da metalomec\u00e2nica.<\/p><\/li><li><p><b>Qualidade e Fiabilidade:<\/b> Utilizamos apenas materiais de alta qualidade e garantimos um servi\u00e7o duradouro.<\/p><\/li><li><p><b>Rapidez no Atendimento:<\/b> Sabemos que o tempo \u00e9 essencial, por isso, agilizamos os nossos processos.<\/p><\/li><li><p><b>Pre\u00e7os Competitivos:<\/b> Oferecemos or\u00e7amentos justos e transparentes, sem surpresas.<\/p><\/li><\/ul><p><strong>Como pedir o seu or\u00e7amento?<\/strong><\/p><p>Para receber uma proposta detalhada e personalizada, preencha o formul\u00e1rio abaixo com o m\u00e1ximo de informa\u00e7\u00f5es poss\u00edvel. Quanto mais detalhes nos fornecer sobre o equipamento, o problema ou o projeto, mais preciso ser\u00e1 o nosso or\u00e7amento.<\/p><p>Se preferir, pode tamb\u00e9m contactar-nos diretamente atrav\u00e9s dos nossos canais de comunica\u00e7\u00e3o.<\/p><p><b>Estamos ansiosos por ajud\u00e1-lo a manter os seus equipamentos em pleno funcionamento e a concretizar os seus projetos.<\/b><\/p><p>Ficheiros maiores que 20MB dever\u00e3o ser enviados por WeTransfer para sales@farmi.pt<\/p>\t\t\t\t\t\t\t\t<\/div>\n\t\t\t\t\t<\/div>\n\t\t\t\t<\/div>\n\t\t<div class=\"elementor-element elementor-element-3df7241 e-flex e-con-boxed wpr-particle-no wpr-jarallax-no wpr-parallax-no wpr-sticky-section-no wpr-equal-height-no e-con e-parent\" data-id=\"3df7241\" data-element_type=\"container\" data-e-type=\"container\">\n\t\t\t\t\t<div class=\"e-con-inner\">\n\t\t<div class=\"elementor-element elementor-element-4f401e7 e-con-full e-flex wpr-particle-no wpr-jarallax-no wpr-parallax-no wpr-sticky-section-no wpr-equal-height-no e-con e-child\" data-id=\"4f401e7\" data-element_type=\"container\" data-e-type=\"container\">\n\t\t\t\t<div class=\"elementor-element elementor-element-33441d7 elementor-widget elementor-widget-shortcode\" data-id=\"33441d7\" data-element_type=\"widget\" data-e-type=\"widget\" data-widget_type=\"shortcode.default\">\n\t\t\t\t\t\t\t<div class=\"elementor-shortcode\"><div class=\"forminator-ui forminator-custom-form forminator-custom-form-134 forminator-design--material  forminator_ajax\" data-forminator-render=\"0\" data-form=\"forminator-module-134\" data-uid=\"69fc89cf596ed\"><br\/><\/div><form\n\t\t\t\tid=\"forminator-module-134\"\n\t\t\t\tclass=\"forminator-ui forminator-custom-form forminator-custom-form-134 forminator-design--material  forminator_ajax\"\n\t\t\t\tmethod=\"post\"\n\t\t\t\tdata-forminator-render=\"0\"\n\t\t\t\tdata-form-id=\"134\"\n\t\t\t\tenctype=\"multipart\/form-data\" data-color-option=\"theme\" data-design=\"material\" data-grid=\"open\" style=\"display: none;\"\n\t\t\t\tdata-uid=\"69fc89cf596ed\"\n\t\t\t><div role=\"alert\" aria-live=\"polite\" class=\"forminator-response-message forminator-error\" aria-hidden=\"true\"><\/div><div class=\"forminator-row\"><div id=\"name-1\" class=\"forminator-field-name forminator-col forminator-col-12 \"><div class=\"forminator-field\"><label for=\"forminator-field-name-1_69fc89cf596ed\" id=\"forminator-field-name-1_69fc89cf596ed-label\" class=\"forminator-label\">Nome <span class=\"forminator-required\">*<\/span><\/label><input type=\"text\" name=\"name-1\" value=\"\" placeholder=\"Nome da empresa ou representante\" id=\"forminator-field-name-1_69fc89cf596ed\" class=\"forminator-input forminator-name--field\" aria-required=\"true\" autocomplete=\"name\" \/><\/div><\/div><\/div><div class=\"forminator-row\"><div id=\"email-1\" class=\"forminator-field-email forminator-col forminator-col-12 \"><div class=\"forminator-row-inside forminator-row-with-confirmation-email\"><div class=\"forminator-col forminator-col-6\"><div class=\"forminator-field\"><label for=\"forminator-field-email-1_69fc89cf596ed\" id=\"forminator-field-email-1_69fc89cf596ed-label\" class=\"forminator-label\">Email <span class=\"forminator-required\">*<\/span><\/label><input type=\"email\" name=\"email-1\" value=\"\" placeholder=\"noreply@farmi.pt\" id=\"forminator-field-email-1_69fc89cf596ed\" class=\"forminator-input forminator-email--field\" data-required=\"1\" aria-required=\"true\" autocomplete=\"email\" \/><\/div><\/div><div class=\"forminator-col forminator-col-6\"><div class=\"forminator-field\"><label for=\"forminator-field-confirm_email-1_69fc89cf596ed\" id=\"forminator-field-confirm_email-1_69fc89cf596ed-label\" class=\"forminator-label\">Confirme o Email <span class=\"forminator-required\">*<\/span><\/label><input type=\"email\" name=\"confirm_email-1\" value=\"\" placeholder=\"noreply@farmi.pt\" id=\"forminator-field-confirm_email-1_69fc89cf596ed\" class=\"forminator-input forminator-name--field\" data-required=\"1\" aria-required=\"true\" autocomplete=\"email\" \/><\/div><\/div><\/div><\/div><\/div><div class=\"forminator-row\"><div id=\"phone-1\" class=\"forminator-field-phone forminator-col forminator-col-12 \"><div class=\"forminator-field\"><label for=\"forminator-field-phone-1_69fc89cf596ed\" id=\"forminator-field-phone-1_69fc89cf596ed-label\" class=\"forminator-label\">Telefone\/Telem\u00f3vel <span class=\"forminator-required\">*<\/span><\/label><input type=\"text\" name=\"phone-1\" value=\"\" placeholder=\"244575660\" id=\"forminator-field-phone-1_69fc89cf596ed\" class=\"forminator-input forminator-field--phone\" data-required=\"1\" aria-required=\"true\" autocomplete=\"off\" data-national_mode=\"disabled\" data-country=\"pt\" data-validation=\"international\" \/><\/div><\/div><\/div><div class=\"forminator-row\"><div id=\"textarea-1\" class=\"forminator-field-textarea forminator-col forminator-col-12 \"><div class=\"forminator-field\"><label for=\"forminator-field-textarea-1_69fc89cf596ed\" id=\"forminator-field-textarea-1_69fc89cf596ed-label\" class=\"forminator-label\">Mensagem<\/label><span id=\"forminator-field-textarea-1_69fc89cf596ed-description\" class=\"forminator-description\"><span data-limit=\"500\" data-type=\"characters\" data-editor=\"\">0 \/ 500<\/span><\/span><textarea name=\"textarea-1\" placeholder=\"Caso pretenda por escrever uma mensagem relativamente ao seu pedido de or\u00e7amento\" id=\"forminator-field-textarea-1_69fc89cf596ed\" class=\"forminator-textarea\" rows=\"6\" style=\"--forminator-textarea-min-height:150px;\" maxlength=\"500\" ><\/textarea><\/div><\/div><\/div><div class=\"forminator-row\"><div id=\"upload-1\" class=\"forminator-field-upload forminator-col forminator-col-12 \"><div class=\"forminator-field\"><label for=\"forminator-field-upload-1_69fc89cf596ed\" id=\"forminator-field-upload-1_69fc89cf596ed-label\" class=\"forminator-label\">Envio ficheiro de pedido de or\u00e7amento<\/label><span id=\"forminator-field-upload-1_69fc89cf596ed-description\" class=\"forminator-description\">Ficheiro complementar ao pedido de or\u00e7amento<\/span><div class=\"forminator-multi-upload \" data-element=\"upload-1_69fc89cf596ed\" aria-describedby=\"forminator-field-upload-1_69fc89cf596ed-description\"><input type=\"file\" name=\"upload-1[]\" id=\"forminator-field-upload-1_69fc89cf596ed\" class=\"forminator-input-file forminator-field-upload-1_69fc89cf596ed-134\" multiple=\"multiple\" data-method=\"ajax\" accept=\".avif,.heif,.heics,.heifs,.jpg,.jpeg,.jpe,.png,.docx,.xps,.zip,.7z,.xltm,.pptx\" data-limit=\"3\" data-limit-message=\"You can upload a maximum of 3 files.\" data-size=\"20000000\" data-size-message=\"Maximum file size allowed is 20 MB. \" data-filetype=\"avif|heif|heics|heifs|jpg|jpeg|jpe|png|docx|xps|zip|7z|xltm|pptx\" data-filetype-message=\"file extension is not allowed.\"><div class=\"forminator-multi-upload-message\" aria-hidden=\"true\"><span class=\"forminator-icon-upload\" aria-hidden=\"true\"><\/span><p>Drag and Drop (or) <a class=\"forminator-upload-file--forminator-field-upload-1_69fc89cf596ed\" href=\"#\" onclick=\"return false;\">Choose Files<\/a><\/p><\/div><\/div><ul class=\"forminator-uploaded-files upload-container-upload-1_69fc89cf596ed\"><\/ul><\/div><\/div><\/div><input type=\"hidden\" name=\"referer_url\" value=\"\" \/><div class=\"forminator-row forminator-row-last\"><div class=\"forminator-col\"><div class=\"forminator-field\"><button class=\"forminator-button forminator-button-submit\"><span>Submit<\/span><span aria-hidden=\"true\"><\/span><\/button><\/div><\/div><\/div><input type=\"hidden\" id=\"forminator_nonce\" name=\"forminator_nonce\" value=\"44ed0a67d7\" \/><input type=\"hidden\" name=\"_wp_http_referer\" value=\"\/index.php\/wp-json\/wp\/v2\/pages\/14\" \/><input type=\"hidden\" name=\"form_id\" value=\"134\"><input type=\"hidden\" name=\"page_id\" value=\"14\"><input type=\"hidden\" name=\"form_type\" value=\"default\"><input type=\"hidden\" name=\"current_url\" value=\"https:\/\/farmi.pt\/index.php\/orcamentos\/\"><input type=\"hidden\" name=\"render_id\" value=\"0\"><input type=\"hidden\" name=\"forminator-multifile-hidden\" class=\"forminator-multifile-hidden\"><input type=\"hidden\" name=\"action\" value=\"forminator_submit_form_custom-forms\"><\/form><\/div>\n\t\t\t\t\t\t<\/div>\n\t\t\t\t<\/div>\n\t\t<div class=\"elementor-element elementor-element-44a874d e-con-full e-flex wpr-particle-no wpr-jarallax-no wpr-parallax-no wpr-sticky-section-no wpr-equal-height-no e-con e-child\" data-id=\"44a874d\" data-element_type=\"container\" data-e-type=\"container\">\n\t\t\t\t<\/div>\n\t\t\t\t\t<\/div>\n\t\t\t\t<\/div>\n\t\t\t\t<\/div>\n\t\t","protected":false},"excerpt":{"rendered":"<p>Pedido de Or\u00e7amento Porqu\u00ea escolher a Farmi Repara\u00e7\u00f5es? Experi\u00eancia Comprovada: Conhecimento aprofundado em diversas \u00e1reas da metalomec\u00e2nica. Qualidade e Fiabilidade: Utilizamos apenas materiais de alta qualidade e garantimos um servi\u00e7o duradouro. Rapidez no Atendimento: Sabemos que o tempo \u00e9 essencial, por isso, agilizamos os nossos processos. Pre\u00e7os Competitivos: Oferecemos or\u00e7amentos justos e transparentes, sem surpresas. Como pedir o seu or\u00e7amento? Para receber uma proposta detalhada e personalizada, preencha o formul\u00e1rio abaixo com o m\u00e1ximo de informa\u00e7\u00f5es poss\u00edvel. Quanto mais detalhes nos fornecer sobre o equipamento, o problema ou o projeto, mais preciso ser\u00e1 o nosso or\u00e7amento. Se preferir, pode tamb\u00e9m contactar-nos diretamente atrav\u00e9s dos nossos canais de comunica\u00e7\u00e3o. Estamos ansiosos por ajud\u00e1-lo a manter os seus equipamentos em pleno funcionamento e a concretizar os seus projetos. Ficheiros maiores que 20MB dever\u00e3o ser enviados por WeTransfer para sales@farmi.pt<\/p>\n","protected":false},"author":1,"featured_media":0,"parent":0,"menu_order":0,"comment_status":"closed","ping_status":"closed","template":"","meta":{"footnotes":""},"class_list":["post-14","page","type-page","status-publish"],"_links":{"self":[{"href":"https:\/\/farmi.pt\/index.php\/wp-json\/wp\/v2\/pages\/14","targetHints":{"allow":["GET"]}}],"collection":[{"href":"https:\/\/farmi.pt\/index.php\/wp-json\/wp\/v2\/pages"}],"about":[{"href":"https:\/\/farmi.pt\/index.php\/wp-json\/wp\/v2\/types\/page"}],"author":[{"embeddable":true,"href":"https:\/\/farmi.pt\/index.php\/wp-json\/wp\/v2\/users\/1"}],"replies":[{"embeddable":true,"href":"https:\/\/farmi.pt\/index.php\/wp-json\/wp\/v2\/comments?post=14"}],"version-history":[{"count":38,"href":"https:\/\/farmi.pt\/index.php\/wp-json\/wp\/v2\/pages\/14\/revisions"}],"predecessor-version":[{"id":426,"href":"https:\/\/farmi.pt\/index.php\/wp-json\/wp\/v2\/pages\/14\/revisions\/426"}],"wp:attachment":[{"href":"https:\/\/farmi.pt\/index.php\/wp-json\/wp\/v2\/media?parent=14"}],"curies":[{"name":"wp","href":"https:\/\/api.w.org\/{rel}","templated":true}]}}