{"id":480,"date":"2025-07-25T10:38:19","date_gmt":"2025-07-25T10:38:19","guid":{"rendered":"https:\/\/farmi.pt\/?page_id=480"},"modified":"2025-07-25T11:00:08","modified_gmt":"2025-07-25T11:00:08","slug":"concecao-e-desenvolvimento","status":"publish","type":"page","link":"https:\/\/farmi.pt\/index.php\/concecao-e-desenvolvimento\/","title":{"rendered":"Conce\u00e7\u00e3o e Desenvolvimento"},"content":{"rendered":"\t\t<div data-elementor-type=\"wp-page\" data-elementor-id=\"480\" class=\"elementor elementor-480\">\n\t\t\t\t\t\t<section class=\"elementor-section elementor-top-section elementor-element elementor-element-6af3bcbe0 elementor-section-height-min-height elementor-section-content-middle elementor-section-stretched elementor-section-boxed elementor-section-height-default elementor-section-items-middle wpr-particle-no wpr-jarallax-no wpr-parallax-no wpr-sticky-section-no wpr-equal-height-no\" data-id=\"6af3bcbe0\" data-element_type=\"section\" data-e-type=\"section\" data-settings=\"{&quot;background_background&quot;:&quot;classic&quot;,&quot;stretch_section&quot;:&quot;section-stretched&quot;}\">\n\t\t\t\t\t\t\t<div class=\"elementor-background-overlay\"><\/div>\n\t\t\t\t\t\t\t<div class=\"elementor-container elementor-column-gap-default\">\n\t\t\t\t\t<div class=\"elementor-column elementor-col-100 elementor-top-column elementor-element elementor-element-60823a40\" data-id=\"60823a40\" data-element_type=\"column\" data-e-type=\"column\">\n\t\t\t<div class=\"elementor-widget-wrap elementor-element-populated\">\n\t\t\t\t\t\t<div class=\"elementor-element elementor-element-2d4d45ab wpr-fancy-text-zoom wpr-advanced-text-style-animated wpr-animated-text-infinite-yes elementor-widget elementor-widget-wpr-advanced-text\" data-id=\"2d4d45ab\" data-element_type=\"widget\" data-e-type=\"widget\" data-settings=\"{&quot;anim_loop&quot;:&quot;yes&quot;}\" data-widget_type=\"wpr-advanced-text.default\">\n\t\t\t\t\t\n\t\t<h1 class=\"wpr-advanced-text\">\n\n\t\t\t\t\t\n\t\t\t\t\t\t\t<span class=\"wpr-advanced-text-preffix\">Conce\u00e7\u00e3o e Desenvolvimento <br><\/span>\n\t\t\t\n\t\t<span class=\"wpr-anim-text wpr-anim-text-type-zoom\" data-anim-duration=\"1200,2000\" data-anim-loop=\"yes\">\n\t\t\t<span class=\"wpr-anim-text-inner\">\n\t\t\t\t\t\t\t<\/span>\n\t\t\t\t\t<\/span>\n\n\t\t\t\t\n\t\t<\/h1>\n\t\t\n\t\t\t\t\t\t<\/div>\n\t\t\t\t<div class=\"elementor-element elementor-element-1eefa0f1 elementor-widget-divider--view-line elementor-widget elementor-widget-divider\" data-id=\"1eefa0f1\" data-element_type=\"widget\" data-e-type=\"widget\" data-widget_type=\"divider.default\">\n\t\t\t\t\t\t\t<div class=\"elementor-divider\">\n\t\t\t<span class=\"elementor-divider-separator\">\n\t\t\t\t\t\t<\/span>\n\t\t<\/div>\n\t\t\t\t\t\t<\/div>\n\t\t\t\t\t<\/div>\n\t\t<\/div>\n\t\t\t\t\t<\/div>\n\t\t<\/section>\n\t\t<div class=\"elementor-element elementor-element-cf732ef e-flex e-con-boxed wpr-particle-no wpr-jarallax-no wpr-parallax-no wpr-sticky-section-no wpr-equal-height-no e-con e-parent\" data-id=\"cf732ef\" data-element_type=\"container\" data-e-type=\"container\">\n\t\t\t\t\t<div class=\"e-con-inner\">\n\t\t\t\t<div class=\"elementor-element elementor-element-679344a elementor-widget elementor-widget-text-editor\" data-id=\"679344a\" data-element_type=\"widget\" data-e-type=\"widget\" data-widget_type=\"text-editor.default\">\n\t\t\t\t\t\t\t\t\t<p>Desenvolvemos solu\u00e7\u00f5es \u00e0 medida das necessidades dos nossos clientes, desde a ideia inicial at\u00e9 ao produto final. A nossa abordagem \u00e9 focada na funcionalidade, efici\u00eancia e inova\u00e7\u00e3o.<\/p>\t\t\t\t\t\t\t\t<\/div>\n\t\t\t\t<div class=\"elementor-element elementor-element-a9bbb2c elementor-widget elementor-widget-heading\" data-id=\"a9bbb2c\" data-element_type=\"widget\" data-e-type=\"widget\" data-widget_type=\"heading.default\">\n\t\t\t\t\t<h2 class=\"elementor-heading-title elementor-size-default\">Porqu\u00ea escolher a Farmi?<\/h2>\t\t\t\t<\/div>\n\t\t\t\t\t<\/div>\n\t\t\t\t<\/div>\n\t\t<div class=\"elementor-element elementor-element-b2c9067 e-flex e-con-boxed wpr-particle-no wpr-jarallax-no wpr-parallax-no wpr-sticky-section-no wpr-equal-height-no e-con e-parent\" data-id=\"b2c9067\" data-element_type=\"container\" data-e-type=\"container\">\n\t\t\t\t\t<div class=\"e-con-inner\">\n\t\t\t\t<div class=\"elementor-element elementor-element-a0d3d83 elementor-widget elementor-widget-text-editor\" data-id=\"a0d3d83\" data-element_type=\"widget\" data-e-type=\"widget\" data-widget_type=\"text-editor.default\">\n\t\t\t\t\t\t\t\t\t<ul><li>Mais de 30 anos de experi\u00eancia no setor;<\/li><li>Equipamento tecnol\u00f3gico avan\u00e7ado;<\/li><li>Equipa t\u00e9cnica especializada;<\/li><li>Rigor, precis\u00e3o e elevado conhecimento;<\/li><li>Atendimento personalizado<\/li><\/ul>\t\t\t\t\t\t\t\t<\/div>\n\t\t\t\t<div class=\"elementor-element elementor-element-ba37c43 elementor-widget elementor-widget-text-editor\" data-id=\"ba37c43\" data-element_type=\"widget\" data-e-type=\"widget\" data-widget_type=\"text-editor.default\">\n\t\t\t\t\t\t\t\t\t<p><a href=\"https:\/\/farmi.pt\/index.php\/contactos\"><strong>Pe\u00e7a j\u00e1 o seu or\u00e7amento!<\/strong><\/a><\/p>\t\t\t\t\t\t\t\t<\/div>\n\t\t\t\t\t<\/div>\n\t\t\t\t<\/div>\n\t\t\t\t<\/div>\n\t\t","protected":false},"excerpt":{"rendered":"<p>Conce\u00e7\u00e3o e Desenvolvimento Desenvolvemos solu\u00e7\u00f5es \u00e0 medida das necessidades dos nossos clientes, desde a ideia inicial at\u00e9 ao produto final. A nossa abordagem \u00e9 focada na funcionalidade, efici\u00eancia e inova\u00e7\u00e3o. Porqu\u00ea escolher a Farmi? Mais de 30 anos de experi\u00eancia no setor; Equipamento tecnol\u00f3gico avan\u00e7ado; Equipa t\u00e9cnica especializada; Rigor, precis\u00e3o e elevado conhecimento; Atendimento personalizado Pe\u00e7a j\u00e1 o seu or\u00e7amento!<\/p>\n","protected":false},"author":1,"featured_media":0,"parent":0,"menu_order":0,"comment_status":"closed","ping_status":"closed","template":"","meta":{"footnotes":""},"class_list":["post-480","page","type-page","status-publish"],"_links":{"self":[{"href":"https:\/\/farmi.pt\/index.php\/wp-json\/wp\/v2\/pages\/480","targetHints":{"allow":["GET"]}}],"collection":[{"href":"https:\/\/farmi.pt\/index.php\/wp-json\/wp\/v2\/pages"}],"about":[{"href":"https:\/\/farmi.pt\/index.php\/wp-json\/wp\/v2\/types\/page"}],"author":[{"embeddable":true,"href":"https:\/\/farmi.pt\/index.php\/wp-json\/wp\/v2\/users\/1"}],"replies":[{"embeddable":true,"href":"https:\/\/farmi.pt\/index.php\/wp-json\/wp\/v2\/comments?post=480"}],"version-history":[{"count":8,"href":"https:\/\/farmi.pt\/index.php\/wp-json\/wp\/v2\/pages\/480\/revisions"}],"predecessor-version":[{"id":501,"href":"https:\/\/farmi.pt\/index.php\/wp-json\/wp\/v2\/pages\/480\/revisions\/501"}],"wp:attachment":[{"href":"https:\/\/farmi.pt\/index.php\/wp-json\/wp\/v2\/media?parent=480"}],"curies":[{"name":"wp","href":"https:\/\/api.w.org\/{rel}","templated":true}]}}