{"id":60,"date":"2025-07-07T09:29:29","date_gmt":"2025-07-07T09:29:29","guid":{"rendered":"https:\/\/farmi.pt\/?page_id=60"},"modified":"2025-07-14T09:38:00","modified_gmt":"2025-07-14T09:38:00","slug":"politica-da-qualidade-ambiente-e-inovacao","status":"publish","type":"page","link":"https:\/\/farmi.pt\/index.php\/politica-da-qualidade-ambiente-e-inovacao\/","title":{"rendered":"Politica da Qualidade, Ambiente e Inova\u00e7\u00e3o"},"content":{"rendered":"\t\t<div data-elementor-type=\"wp-page\" data-elementor-id=\"60\" class=\"elementor elementor-60\">\n\t\t\t\t\t\t<section class=\"elementor-section elementor-top-section elementor-element elementor-element-5a937c090 elementor-section-height-min-height elementor-section-content-middle elementor-section-stretched elementor-section-boxed elementor-section-height-default elementor-section-items-middle wpr-particle-no wpr-jarallax-no wpr-parallax-no wpr-sticky-section-no wpr-equal-height-no\" data-id=\"5a937c090\" data-element_type=\"section\" data-e-type=\"section\" data-settings=\"{&quot;background_background&quot;:&quot;classic&quot;,&quot;stretch_section&quot;:&quot;section-stretched&quot;}\">\n\t\t\t\t\t\t\t<div class=\"elementor-background-overlay\"><\/div>\n\t\t\t\t\t\t\t<div class=\"elementor-container elementor-column-gap-default\">\n\t\t\t\t\t<div class=\"elementor-column elementor-col-100 elementor-top-column elementor-element elementor-element-4c734466\" data-id=\"4c734466\" data-element_type=\"column\" data-e-type=\"column\">\n\t\t\t<div class=\"elementor-widget-wrap elementor-element-populated\">\n\t\t\t\t\t\t<div class=\"elementor-element elementor-element-4f1e8e73 wpr-fancy-text-zoom elementor-widget__width-initial wpr-advanced-text-style-animated wpr-animated-text-infinite-yes elementor-widget elementor-widget-wpr-advanced-text\" data-id=\"4f1e8e73\" data-element_type=\"widget\" data-e-type=\"widget\" data-settings=\"{&quot;anim_loop&quot;:&quot;yes&quot;}\" data-widget_type=\"wpr-advanced-text.default\">\n\t\t\t\t\t\n\t\t<h1 class=\"wpr-advanced-text\">\n\n\t\t\t\t\t\n\t\t\t\t\t\t\t<span class=\"wpr-advanced-text-preffix\">Politica da Qualidade, Ambiente e Inova\u00e7\u00e3o<\/span>\n\t\t\t\n\t\t<span class=\"wpr-anim-text wpr-anim-text-type-zoom\" data-anim-duration=\"1200,2000\" data-anim-loop=\"yes\">\n\t\t\t<span class=\"wpr-anim-text-inner\">\n\t\t\t\t\t\t\t<\/span>\n\t\t\t\t\t<\/span>\n\n\t\t\t\t\n\t\t<\/h1>\n\t\t\n\t\t\t\t\t\t<\/div>\n\t\t\t\t<div class=\"elementor-element elementor-element-595cd842 elementor-widget-divider--view-line elementor-widget elementor-widget-divider\" data-id=\"595cd842\" data-element_type=\"widget\" data-e-type=\"widget\" data-widget_type=\"divider.default\">\n\t\t\t\t\t\t\t<div class=\"elementor-divider\">\n\t\t\t<span class=\"elementor-divider-separator\">\n\t\t\t\t\t\t<\/span>\n\t\t<\/div>\n\t\t\t\t\t\t<\/div>\n\t\t\t\t\t<\/div>\n\t\t<\/div>\n\t\t\t\t\t<\/div>\n\t\t<\/section>\n\t\t<div class=\"elementor-element elementor-element-54fef1e e-grid e-con-boxed wpr-particle-no wpr-jarallax-no wpr-parallax-no wpr-sticky-section-no wpr-equal-height-no e-con e-parent\" data-id=\"54fef1e\" data-element_type=\"container\" data-e-type=\"container\">\n\t\t\t\t\t<div class=\"e-con-inner\">\n\t\t\t\t<div class=\"elementor-element elementor-element-d6457ff elementor-widget elementor-widget-text-editor\" data-id=\"d6457ff\" data-element_type=\"widget\" data-e-type=\"widget\" data-widget_type=\"text-editor.default\">\n\t\t\t\t\t\t\t\t\t<p><strong>&#8220;Perfei\u00e7\u00e3o e resposta r\u00e1pida ao cliente a qualquer momento\u201d<\/strong><\/p><p>Com base na sua Miss\u00e3o, Vis\u00e3o e valores a FARMI apresenta os seguintes princ\u00edpios para a Qualidade, Ambiente e Inova\u00e7\u00e3o:<\/p><ul><li>Apresentar solu\u00e7\u00f5es integradas e inovadoras<\/li><li>Cumprir com rigor as especifica\u00e7\u00f5es do Cliente<\/li><li>Capacidade de desenvolver solu\u00e7\u00f5es \u00e0 medida<\/li><li>Entregar dentro dos prazos<\/li><li>Acompanhamento personalizado ao Cliente<\/li><li>Manter atualizada a tecnologia utilizada<\/li><li>Capacidade t\u00e9cnica para resolver as necessidades do cliente<\/li><li>Desenvolvimento das compet\u00eancias dos colaboradores<\/li><li>Desenvolver novo conhecimento e potenciar a criatividade interna<\/li><li>Promo\u00e7\u00e3o do bem-estar e seguran\u00e7a dos colaboradores<\/li><li>Desenvolvimento de parcerias com fornecedores de refer\u00eancia<\/li><li>Comprometimento para a prote\u00e7\u00e3o do ambiente, incluindo a preven\u00e7\u00e3o da polui\u00e7\u00e3o<p>A FARMI est\u00e1 comprometida e todos os colaboradores envolvidos com o Sistema de Gest\u00e3o da Qualidade, Ambiente, Investiga\u00e7\u00e3o, Desenvolvimento e Inova\u00e7\u00e3o, cumprindo com os seus requisitos, obriga\u00e7\u00f5es de conformidade, necessidades, expectativas e obriga\u00e7\u00f5es de conformidade das partes interessadas, assim como melhoria do seu desempenho.<\/p><\/li><\/ul>\t\t\t\t\t\t\t\t<\/div>\n\t\t\t\t\t<\/div>\n\t\t\t\t<\/div>\n\t\t\t\t<\/div>\n\t\t","protected":false},"excerpt":{"rendered":"<p>Politica da Qualidade, Ambiente e Inova\u00e7\u00e3o &#8220;Perfei\u00e7\u00e3o e resposta r\u00e1pida ao cliente a qualquer momento\u201d Com base na sua Miss\u00e3o, Vis\u00e3o e valores a FARMI apresenta os seguintes princ\u00edpios para a Qualidade, Ambiente e Inova\u00e7\u00e3o: Apresentar solu\u00e7\u00f5es integradas e inovadoras Cumprir com rigor as especifica\u00e7\u00f5es do Cliente Capacidade de desenvolver solu\u00e7\u00f5es \u00e0 medida Entregar dentro dos prazos Acompanhamento personalizado ao Cliente Manter atualizada a tecnologia utilizada Capacidade t\u00e9cnica para resolver as necessidades do cliente Desenvolvimento das compet\u00eancias dos colaboradores Desenvolver novo conhecimento e potenciar a criatividade interna Promo\u00e7\u00e3o do bem-estar e seguran\u00e7a dos colaboradores Desenvolvimento de parcerias com fornecedores de refer\u00eancia Comprometimento para a prote\u00e7\u00e3o do ambiente, incluindo a preven\u00e7\u00e3o da polui\u00e7\u00e3o A FARMI est\u00e1 comprometida e todos os colaboradores envolvidos com o Sistema de Gest\u00e3o da Qualidade, Ambiente, Investiga\u00e7\u00e3o, Desenvolvimento e Inova\u00e7\u00e3o, cumprindo com os seus requisitos, obriga\u00e7\u00f5es de conformidade, necessidades, expectativas e obriga\u00e7\u00f5es de conformidade das partes interessadas, assim como melhoria do seu desempenho.<\/p>\n","protected":false},"author":1,"featured_media":0,"parent":0,"menu_order":0,"comment_status":"closed","ping_status":"closed","template":"","meta":{"footnotes":""},"class_list":["post-60","page","type-page","status-publish"],"_links":{"self":[{"href":"https:\/\/farmi.pt\/index.php\/wp-json\/wp\/v2\/pages\/60","targetHints":{"allow":["GET"]}}],"collection":[{"href":"https:\/\/farmi.pt\/index.php\/wp-json\/wp\/v2\/pages"}],"about":[{"href":"https:\/\/farmi.pt\/index.php\/wp-json\/wp\/v2\/types\/page"}],"author":[{"embeddable":true,"href":"https:\/\/farmi.pt\/index.php\/wp-json\/wp\/v2\/users\/1"}],"replies":[{"embeddable":true,"href":"https:\/\/farmi.pt\/index.php\/wp-json\/wp\/v2\/comments?post=60"}],"version-history":[{"count":19,"href":"https:\/\/farmi.pt\/index.php\/wp-json\/wp\/v2\/pages\/60\/revisions"}],"predecessor-version":[{"id":387,"href":"https:\/\/farmi.pt\/index.php\/wp-json\/wp\/v2\/pages\/60\/revisions\/387"}],"wp:attachment":[{"href":"https:\/\/farmi.pt\/index.php\/wp-json\/wp\/v2\/media?parent=60"}],"curies":[{"name":"wp","href":"https:\/\/api.w.org\/{rel}","templated":true}]}}