{"id":64,"date":"2025-07-07T09:26:32","date_gmt":"2025-07-07T09:26:32","guid":{"rendered":"https:\/\/farmi.pt\/?page_id=64"},"modified":"2025-07-14T09:53:21","modified_gmt":"2025-07-14T09:53:21","slug":"ambitos-de-certificacao","status":"publish","type":"page","link":"https:\/\/farmi.pt\/index.php\/ambitos-de-certificacao\/","title":{"rendered":"\u00c2mbitos de Certifica\u00e7\u00e3o"},"content":{"rendered":"\t\t<div data-elementor-type=\"wp-page\" data-elementor-id=\"64\" class=\"elementor elementor-64\">\n\t\t\t\t\t\t<section class=\"elementor-section elementor-top-section elementor-element elementor-element-7fbcb1680 elementor-section-height-min-height elementor-section-content-middle elementor-section-stretched elementor-section-boxed elementor-section-height-default elementor-section-items-middle wpr-particle-no wpr-jarallax-no wpr-parallax-no wpr-sticky-section-no wpr-equal-height-no\" data-id=\"7fbcb1680\" data-element_type=\"section\" data-e-type=\"section\" data-settings=\"{&quot;background_background&quot;:&quot;classic&quot;,&quot;stretch_section&quot;:&quot;section-stretched&quot;}\">\n\t\t\t\t\t\t\t<div class=\"elementor-background-overlay\"><\/div>\n\t\t\t\t\t\t\t<div class=\"elementor-container elementor-column-gap-default\">\n\t\t\t\t\t<div class=\"elementor-column elementor-col-100 elementor-top-column elementor-element elementor-element-40f474c8\" data-id=\"40f474c8\" data-element_type=\"column\" data-e-type=\"column\">\n\t\t\t<div class=\"elementor-widget-wrap elementor-element-populated\">\n\t\t\t\t\t\t<div class=\"elementor-element elementor-element-537ba12d wpr-fancy-text-zoom wpr-advanced-text-style-animated wpr-animated-text-infinite-yes elementor-widget elementor-widget-wpr-advanced-text\" data-id=\"537ba12d\" data-element_type=\"widget\" data-e-type=\"widget\" data-settings=\"{&quot;anim_loop&quot;:&quot;yes&quot;}\" data-widget_type=\"wpr-advanced-text.default\">\n\t\t\t\t\t\n\t\t<h1 class=\"wpr-advanced-text\">\n\n\t\t\t\t\t\n\t\t\t\t\t\t\t<span class=\"wpr-advanced-text-preffix\">\u00c2mbitos de Certifica\u00e7\u00e3o<\/span>\n\t\t\t\n\t\t<span class=\"wpr-anim-text wpr-anim-text-type-zoom\" data-anim-duration=\"1200,2000\" data-anim-loop=\"yes\">\n\t\t\t<span class=\"wpr-anim-text-inner\">\n\t\t\t\t\t\t\t<\/span>\n\t\t\t\t\t<\/span>\n\n\t\t\t\t\n\t\t<\/h1>\n\t\t\n\t\t\t\t\t\t<\/div>\n\t\t\t\t<div class=\"elementor-element elementor-element-7700bd3b elementor-widget-divider--view-line elementor-widget elementor-widget-divider\" data-id=\"7700bd3b\" data-element_type=\"widget\" data-e-type=\"widget\" data-widget_type=\"divider.default\">\n\t\t\t\t\t\t\t<div class=\"elementor-divider\">\n\t\t\t<span class=\"elementor-divider-separator\">\n\t\t\t\t\t\t<\/span>\n\t\t<\/div>\n\t\t\t\t\t\t<\/div>\n\t\t\t\t\t<\/div>\n\t\t<\/div>\n\t\t\t\t\t<\/div>\n\t\t<\/section>\n\t\t<div class=\"elementor-element elementor-element-447c582 e-grid e-con-boxed wpr-particle-no wpr-jarallax-no wpr-parallax-no wpr-sticky-section-no wpr-equal-height-no e-con e-parent\" data-id=\"447c582\" data-element_type=\"container\" data-e-type=\"container\">\n\t\t\t\t\t<div class=\"e-con-inner\">\n\t\t\t\t<div class=\"elementor-element elementor-element-45922e5 elementor-widget elementor-widget-heading\" data-id=\"45922e5\" data-element_type=\"widget\" data-e-type=\"widget\" data-widget_type=\"heading.default\">\n\t\t\t\t\t<h1 class=\"elementor-heading-title elementor-size-default\">\u00c2mbitos de Certifica\u00e7\u00e3o<\/h1>\t\t\t\t<\/div>\n\t\t\t\t\t<\/div>\n\t\t\t\t<\/div>\n\t\t<div class=\"elementor-element elementor-element-985a57f e-flex e-con-boxed wpr-particle-no wpr-jarallax-no wpr-parallax-no wpr-sticky-section-no wpr-equal-height-no e-con e-parent\" data-id=\"985a57f\" data-element_type=\"container\" data-e-type=\"container\">\n\t\t\t\t\t<div class=\"e-con-inner\">\n\t\t\t\t<div class=\"elementor-element elementor-element-eadc493 elementor-widget-divider--view-line elementor-widget elementor-widget-divider\" data-id=\"eadc493\" data-element_type=\"widget\" data-e-type=\"widget\" data-widget_type=\"divider.default\">\n\t\t\t\t\t\t\t<div class=\"elementor-divider\">\n\t\t\t<span class=\"elementor-divider-separator\">\n\t\t\t\t\t\t<\/span>\n\t\t<\/div>\n\t\t\t\t\t\t<\/div>\n\t\t\t\t\t<\/div>\n\t\t\t\t<\/div>\n\t\t<div class=\"elementor-element elementor-element-d45f2f1 e-grid e-con-boxed wpr-particle-no wpr-jarallax-no wpr-parallax-no wpr-sticky-section-no wpr-equal-height-no e-con e-parent\" data-id=\"d45f2f1\" data-element_type=\"container\" data-e-type=\"container\">\n\t\t\t\t\t<div class=\"e-con-inner\">\n\t\t\t\t<div class=\"elementor-element elementor-element-f18c637 elementor-widget elementor-widget-text-editor\" data-id=\"f18c637\" data-element_type=\"widget\" data-e-type=\"widget\" data-widget_type=\"text-editor.default\">\n\t\t\t\t\t\t\t\t\t<p>O Sistema de Gest\u00e3o da Qualidade e Ambiente da Farmi-Repara\u00e7\u00f5es, Lda implementado em atividade de presta\u00e7\u00e3o de servi\u00e7os e realiza\u00e7\u00e3o do produto na \u00e1rea dos moldes para pl\u00e1sticos e termoforma\u00e7\u00e3o, estruturas de moldes, componentes para m\u00e1quinas, ferramentas, repara\u00e7\u00e3o de componentes de m\u00e1quinas e componentes pl\u00e1sticos, cumpre com os requisitos da norma NP EN ISO 9001:2015 e NP EN ISO 14001:2015<\/p>\t\t\t\t\t\t\t\t<\/div>\n\t\t\t\t<div class=\"elementor-element elementor-element-137ca4a elementor-widget elementor-widget-image\" data-id=\"137ca4a\" data-element_type=\"widget\" data-e-type=\"widget\" data-widget_type=\"image.default\">\n\t\t\t\t\t\t\t\t\t\t\t\t\t\t\t<img fetchpriority=\"high\" decoding=\"async\" width=\"300\" height=\"300\" src=\"https:\/\/farmi.pt\/wp-content\/uploads\/2025\/07\/Emblema-certificacoes_Prancheta-1-300x300.png\" class=\"attachment-medium size-medium wp-image-122\" alt=\"Certifica\u00e7\u00f5es da Qualidade ISO 9001 ISO 14001\" srcset=\"https:\/\/farmi.pt\/wp-content\/uploads\/2025\/07\/Emblema-certificacoes_Prancheta-1-300x300.png 300w, https:\/\/farmi.pt\/wp-content\/uploads\/2025\/07\/Emblema-certificacoes_Prancheta-1-1024x1024.png 1024w, https:\/\/farmi.pt\/wp-content\/uploads\/2025\/07\/Emblema-certificacoes_Prancheta-1-150x150.png 150w, https:\/\/farmi.pt\/wp-content\/uploads\/2025\/07\/Emblema-certificacoes_Prancheta-1-768x768.png 768w, https:\/\/farmi.pt\/wp-content\/uploads\/2025\/07\/Emblema-certificacoes_Prancheta-1-1536x1536.png 1536w, https:\/\/farmi.pt\/wp-content\/uploads\/2025\/07\/Emblema-certificacoes_Prancheta-1-2048x2048.png 2048w\" sizes=\"(max-width: 300px) 100vw, 300px\" \/>\t\t\t\t\t\t\t\t\t\t\t\t\t\t\t<\/div>\n\t\t\t\t\t<\/div>\n\t\t\t\t<\/div>\n\t\t\t\t<\/div>\n\t\t","protected":false},"excerpt":{"rendered":"<p>\u00c2mbitos de Certifica\u00e7\u00e3o \u00c2mbitos de Certifica\u00e7\u00e3o O Sistema de Gest\u00e3o da Qualidade e Ambiente da Farmi-Repara\u00e7\u00f5es, Lda implementado em atividade de presta\u00e7\u00e3o de servi\u00e7os e realiza\u00e7\u00e3o do produto na \u00e1rea dos moldes para pl\u00e1sticos e termoforma\u00e7\u00e3o, estruturas de moldes, componentes para m\u00e1quinas, ferramentas, repara\u00e7\u00e3o de componentes de m\u00e1quinas e componentes pl\u00e1sticos, cumpre com os requisitos da norma NP EN ISO 9001:2015 e NP EN ISO 14001:2015<\/p>\n","protected":false},"author":1,"featured_media":0,"parent":0,"menu_order":0,"comment_status":"closed","ping_status":"closed","template":"","meta":{"footnotes":""},"class_list":["post-64","page","type-page","status-publish"],"_links":{"self":[{"href":"https:\/\/farmi.pt\/index.php\/wp-json\/wp\/v2\/pages\/64","targetHints":{"allow":["GET"]}}],"collection":[{"href":"https:\/\/farmi.pt\/index.php\/wp-json\/wp\/v2\/pages"}],"about":[{"href":"https:\/\/farmi.pt\/index.php\/wp-json\/wp\/v2\/types\/page"}],"author":[{"embeddable":true,"href":"https:\/\/farmi.pt\/index.php\/wp-json\/wp\/v2\/users\/1"}],"replies":[{"embeddable":true,"href":"https:\/\/farmi.pt\/index.php\/wp-json\/wp\/v2\/comments?post=64"}],"version-history":[{"count":22,"href":"https:\/\/farmi.pt\/index.php\/wp-json\/wp\/v2\/pages\/64\/revisions"}],"predecessor-version":[{"id":400,"href":"https:\/\/farmi.pt\/index.php\/wp-json\/wp\/v2\/pages\/64\/revisions\/400"}],"wp:attachment":[{"href":"https:\/\/farmi.pt\/index.php\/wp-json\/wp\/v2\/media?parent=64"}],"curies":[{"name":"wp","href":"https:\/\/api.w.org\/{rel}","templated":true}]}}